{"id":58,"date":"2018-05-17T16:03:30","date_gmt":"2018-05-17T14:03:30","guid":{"rendered":"http:\/\/automobile-kieber.de\/wp\/mesmerize\/"},"modified":"2026-03-24T10:05:00","modified_gmt":"2026-03-24T09:05:00","slug":"mesmerize","status":"publish","type":"page","link":"https:\/\/automobile-kieber.de\/","title":{"rendered":"Betriebsferien"},"content":{"rendered":"\n<p class=\"has-vivid-green-cyan-color has-text-color has-link-color has-large-font-size wp-elements-54a25141b1c4dbfdd1151b493a07d488\"><strong>Unser Betrieb ist in der Osterzeit vom 03. April bis einschlie\u00dflich 11.April geschlossen.<\/strong><\/p>\n\n\n\n<figure class=\"wp-block-image size-full is-resized\"><img loading=\"lazy\" decoding=\"async\" width=\"498\" height=\"476\" src=\"https:\/\/automobile-kieber.de\/wp-content\/uploads\/2026\/03\/HappyEaster2023GIF.gif\" alt=\"\" class=\"wp-image-1094\" style=\"width:120px;height:auto\"\/><\/figure>\n\n\n\n<p class=\"has-text-color has-link-color has-large-font-size wp-elements-4e22c28df4cbc56ce22e821b22ace0f0\" style=\"color:#ffbc02\"><strong>Wir w\u00fcnschen Ihnen sch\u00f6ne Ostern<\/strong> <\/p>\n\n\n\n<p>________________________________________________________________________________________________________________<\/p>\n\n\n\n<p><\/p>\n\n\n\n<section id=\"service\" class=\"wp-block-group\"><div class=\"wp-block-group__inner-container is-layout-flow wp-block-group-is-layout-flow\">\n<p><\/p>\n\n\n\n<p><\/p>\n\n\n\n<p><\/p>\n\n\n\n<h2 class=\"wp-block-heading has-text-align-center mobile-align-left has-vivid-cyan-blue-color has-text-color has-link-color wp-elements-aa6f750783a65588621bf165330dc1c6\">Serviceleistungen<\/h2>\n\n\n\n<div class=\"wp-block-columns checklist is-layout-flex wp-container-core-columns-is-layout-9d6595d7 wp-block-columns-is-layout-flex\">\n<div class=\"wp-block-column is-layout-flow wp-block-column-is-layout-flow\">\n<p class=\"has-medium-font-size\">Mazda ServicePartner<\/p>\n\n\n\n<p class=\"has-medium-font-size\">Profi ServiceWerkstatt<br><sub>Wartung u. Reparatur aller Automarken nach Herstellervorgaben<\/sub><\/p>\n\n\n\n<p class=\"has-medium-font-size\">Motor-&amp; Zylinderkopfinstandsetzung<\/p>\n\n\n\n<p class=\"has-medium-font-size\">Getriebeinstandsetzung \/ Getriebesp\u00fclung<\/p>\n\n\n\n<p class=\"has-medium-font-size\">Aktuelle Fahrzeugdiagnostik<\/p>\n\n\n\n<p class=\"has-medium-font-size\">Klimaanlagenservice und -reparatur<\/p>\n\n\n\n<p class=\"has-medium-font-size\">Reifenservice \/ Reifeneinlagerung<\/p>\n\n\n\n<p class=\"has-medium-font-size\">Automatik\u00adgetriebespu\u0308lung<\/p>\n\n\n\n<p class=\"has-medium-font-size\">3D-Achvermessung<\/p>\n<\/div>\n\n\n\n<div class=\"wp-block-column is-layout-flow wp-block-column-is-layout-flow\">\n<p class=\"has-medium-font-size\">Bremsenpru\u0308fstand<\/p>\n\n\n\n<p class=\"has-medium-font-size\">Unfall Instandsetzung<\/p>\n\n\n\n<p class=\"has-medium-font-size\">Reparatur von Glassch\u00e4den<\/p>\n\n\n\n<p class=\"has-medium-font-size\">Haupt- und Abgasuntersuchung t\u00e4glich<br><sub>Durchfu\u0308hrung von HU &amp; AU nach den gesetzlichen Bestimmungen, Vergabe von Pru\u0308fplaketten inkl. aller Pru\u0308f- und Messarbeiten<\/sub><\/p>\n\n\n\n<p class=\"has-medium-font-size\">Verkauf und Vermittlung von Fahrzeugen<\/p>\n\n\n\n<p class=\"has-medium-font-size\">Werkstatt-Ersatzfahrzeug<\/p>\n\n\n\n<p><\/p>\n<\/div>\n<\/div>\n<\/div><\/section>\n\n\n\n<div style=\"height:50px\" aria-hidden=\"true\" class=\"wp-block-spacer\"><\/div>\n\n\n\n<div class=\"wp-block-columns are-vertically-aligned-center is-layout-flex wp-container-core-columns-is-layout-9d6595d7 wp-block-columns-is-layout-flex\">\n<div class=\"wp-block-column is-layout-flow wp-block-column-is-layout-flow\" style=\"flex-basis:33.33%\"><\/div>\n\n\n\n<div class=\"wp-block-column is-vertically-aligned-center is-layout-flow wp-block-column-is-layout-flow\" style=\"flex-basis:66.66%\"><div class=\"wp-block-image\">\n<figure class=\"aligncenter size-full\"><img loading=\"lazy\" decoding=\"async\" width=\"1892\" height=\"635\" src=\"https:\/\/automobile-kieber.de\/wp-content\/uploads\/2018\/05\/Backup_of_Logo-nur-Autohaus-1.jpg\" alt=\"\" class=\"wp-image-248\" srcset=\"https:\/\/automobile-kieber.de\/wp-content\/uploads\/2018\/05\/Backup_of_Logo-nur-Autohaus-1.jpg 1892w, https:\/\/automobile-kieber.de\/wp-content\/uploads\/2018\/05\/Backup_of_Logo-nur-Autohaus-1-300x101.jpg 300w, https:\/\/automobile-kieber.de\/wp-content\/uploads\/2018\/05\/Backup_of_Logo-nur-Autohaus-1-768x258.jpg 768w, https:\/\/automobile-kieber.de\/wp-content\/uploads\/2018\/05\/Backup_of_Logo-nur-Autohaus-1-1024x344.jpg 1024w, https:\/\/automobile-kieber.de\/wp-content\/uploads\/2018\/05\/Backup_of_Logo-nur-Autohaus-1-830x279.jpg 830w, https:\/\/automobile-kieber.de\/wp-content\/uploads\/2018\/05\/Backup_of_Logo-nur-Autohaus-1-230x77.jpg 230w, https:\/\/automobile-kieber.de\/wp-content\/uploads\/2018\/05\/Backup_of_Logo-nur-Autohaus-1-350x117.jpg 350w, https:\/\/automobile-kieber.de\/wp-content\/uploads\/2018\/05\/Backup_of_Logo-nur-Autohaus-1-480x161.jpg 480w\" sizes=\"auto, (max-width: 1892px) 100vw, 1892px\" \/><\/figure><\/div><\/div>\n<\/div>\n\n\n\n<section class=\"wp-block-group alignwide\" id=\"autogas\"><div class=\"wp-block-group__inner-container is-layout-flow wp-block-group-is-layout-flow\">\n<div class=\"wp-block-group alignwide\"><div class=\"wp-block-group__inner-container is-layout-flow wp-block-group-is-layout-flow\"><\/div><\/div>\n<\/div><\/section>\n\n\n\n<div id=\"ueberuns\" class=\"wp-block-group\"><div class=\"wp-block-group__inner-container is-layout-flow wp-block-group-is-layout-flow\">\n<figure class=\"wp-block-image size-large\"><img loading=\"lazy\" decoding=\"async\" width=\"1024\" height=\"576\" src=\"https:\/\/automobile-kieber.de\/wp-content\/uploads\/2022\/10\/Gebaeude-Front-edited-1024x576.jpg\" alt=\"\" class=\"wp-image-848\" srcset=\"https:\/\/automobile-kieber.de\/wp-content\/uploads\/2022\/10\/Gebaeude-Front-edited-1024x576.jpg 1024w, https:\/\/automobile-kieber.de\/wp-content\/uploads\/2022\/10\/Gebaeude-Front-edited-300x169.jpg 300w, https:\/\/automobile-kieber.de\/wp-content\/uploads\/2022\/10\/Gebaeude-Front-edited-768x432.jpg 768w, https:\/\/automobile-kieber.de\/wp-content\/uploads\/2022\/10\/Gebaeude-Front-edited-830x467.jpg 830w, https:\/\/automobile-kieber.de\/wp-content\/uploads\/2022\/10\/Gebaeude-Front-edited-230x129.jpg 230w, https:\/\/automobile-kieber.de\/wp-content\/uploads\/2022\/10\/Gebaeude-Front-edited-350x197.jpg 350w, https:\/\/automobile-kieber.de\/wp-content\/uploads\/2022\/10\/Gebaeude-Front-edited-480x270.jpg 480w, https:\/\/automobile-kieber.de\/wp-content\/uploads\/2022\/10\/Gebaeude-Front-edited.jpg 1200w\" sizes=\"auto, (max-width: 1024px) 100vw, 1024px\" \/><\/figure>\n\n\n\n<div style=\"height:50px\" aria-hidden=\"true\" class=\"wp-block-spacer\"><\/div>\n\n\n\n<h2 class=\"wp-block-heading\">\u00dcber uns<\/h2>\n\n\n\n<p>An exponierter Stelle pr\u00e4sentieren wir uns im Neubau seit Januar 2006. Das Gewerbegebiet \u201cAm Kesseltal\u201c bietet uns Platz f\u00fcr allerlei zukunftsweisende Serviceangebote als Kfz-Meister- Fachbetrieb.<\/p>\n\n\n\n<p>Als Mazda-Servicepartner seit 04.2004 und seit 01. 01. 2006 Partner von einem nationalen Verbund unabh\u00e4ngiger KFZ Werkst\u00e4tten, k\u00f6nnen wir alle Automarken in unserer Werkstatt warten und reparieren.<\/p>\n\n\n\n<p><\/p>\n\n\n\n<p>Eine pers\u00f6nliche Betreuung unserer Kunden steht bei uns an erster Stelle.  Herr Kieber steht Ihnen als Kundendienst &#8211; Berater in allen Fragen zur Werkstatt (Werkstatt-Termin, Auftragsannahme, Fahrzeug Tuning, uvm.) zur Verf\u00fcgung.  Durch kontinuierliche Schulungen werden unsere Mitarbeiter auf den neusten Stand der Technik geschult, was heute zum A und O jeder Werkstatt z\u00e4hlt. Auch bei der Verarbeitung von Ersatzteilen legen wir gro\u00dfen Wert und verwenden nur Teile in Original Qualit\u00e4t nach GVO.<\/p>\n\n\n\n<p><strong>Rundum &#8211; Service f\u00fcr alle Automarken \u2013 das bieten wir in Mainz-Ebersheim<\/strong><\/p>\n<\/div><\/div>\n\n\n\n<p><\/p>\n","protected":false},"excerpt":{"rendered":"<p>Unser Betrieb ist in der Osterzeit vom 03. April bis einschlie\u00dflich 11.April geschlossen. Wir w\u00fcnschen Ihnen sch\u00f6ne Ostern ________________________________________________________________________________________________________________ Serviceleistungen Mazda ServicePartner Profi ServiceWerkstattWartung u. Reparatur aller Automarken nach Herstellervorgaben Motor-&amp; Zylinderkopfinstandsetzung Getriebeinstandsetzung \/ Getriebesp\u00fclung Aktuelle Fahrzeugdiagnostik Klimaanlagenservice und -reparatur Reifenservice \/ Reifeneinlagerung Automatik\u00adgetriebespu\u0308lung 3D-Achvermessung Bremsenpru\u0308fstand Unfall Instandsetzung Reparatur von Glassch\u00e4den Haupt- und Abgasuntersuchung t\u00e4glichDurchfu\u0308hrung [&hellip;]<\/p>\n","protected":false},"author":1,"featured_media":47,"parent":0,"menu_order":0,"comment_status":"closed","ping_status":"closed","template":"","meta":{"footnotes":""},"class_list":["post-58","page","type-page","status-publish","has-post-thumbnail","hentry"],"_links":{"self":[{"href":"https:\/\/automobile-kieber.de\/index.php?rest_route=\/wp\/v2\/pages\/58","targetHints":{"allow":["GET"]}}],"collection":[{"href":"https:\/\/automobile-kieber.de\/index.php?rest_route=\/wp\/v2\/pages"}],"about":[{"href":"https:\/\/automobile-kieber.de\/index.php?rest_route=\/wp\/v2\/types\/page"}],"author":[{"embeddable":true,"href":"https:\/\/automobile-kieber.de\/index.php?rest_route=\/wp\/v2\/users\/1"}],"replies":[{"embeddable":true,"href":"https:\/\/automobile-kieber.de\/index.php?rest_route=%2Fwp%2Fv2%2Fcomments&post=58"}],"version-history":[{"count":10,"href":"https:\/\/automobile-kieber.de\/index.php?rest_route=\/wp\/v2\/pages\/58\/revisions"}],"predecessor-version":[{"id":1097,"href":"https:\/\/automobile-kieber.de\/index.php?rest_route=\/wp\/v2\/pages\/58\/revisions\/1097"}],"wp:featuredmedia":[{"embeddable":true,"href":"https:\/\/automobile-kieber.de\/index.php?rest_route=\/wp\/v2\/media\/47"}],"wp:attachment":[{"href":"https:\/\/automobile-kieber.de\/index.php?rest_route=%2Fwp%2Fv2%2Fmedia&parent=58"}],"curies":[{"name":"wp","href":"https:\/\/api.w.org\/{rel}","templated":true}]}}